{"id":20761,"date":"2021-04-13T12:50:58","date_gmt":"2021-04-13T12:50:58","guid":{"rendered":"https:\/\/www.mapitstudio.com\/?page_id=20761"},"modified":"2023-02-27T09:40:56","modified_gmt":"2023-02-27T09:40:56","slug":"versand-rueckgabe","status":"publish","type":"page","link":"https:\/\/www.mapitstudio.com\/de\/versand-rueckgabe\/","title":{"rendered":"VERSAND &#038; R\u00dcCKGABE"},"content":{"rendered":"<div class=\"fusion-fullwidth fullwidth-box fusion-builder-row-1 fusion-flex-container nonhundred-percent-fullwidth non-hundred-percent-height-scrolling gradient-container-1\" style=\"--awb-border-radius-top-left:0px;--awb-border-radius-top-right:0px;--awb-border-radius-bottom-right:0px;--awb-border-radius-bottom-left:0px;--awb-flex-wrap:wrap;\" ><div class=\"fusion-builder-row fusion-row fusion-flex-align-items-flex-start fusion-flex-content-wrap\" style=\"max-width:1248px;margin-left: calc(-4% \/ 2 );margin-right: calc(-4% \/ 2 );\"><div class=\"fusion-layout-column fusion_builder_column fusion-builder-column-0 fusion_builder_column_1_1 1_1 fusion-flex-column\" style=\"--awb-bg-size:cover;--awb-width-large:100%;--awb-margin-top-large:30px;--awb-spacing-right-large:1.92%;--awb-margin-bottom-large:20px;--awb-spacing-left-large:1.92%;--awb-width-medium:100%;--awb-order-medium:0;--awb-spacing-right-medium:1.92%;--awb-spacing-left-medium:1.92%;--awb-width-small:100%;--awb-order-small:0;--awb-spacing-right-small:1.92%;--awb-spacing-left-small:1.92%;\"><div class=\"fusion-column-wrapper fusion-column-has-shadow fusion-flex-justify-content-flex-start fusion-content-layout-column\"><div class=\"fusion-text fusion-text-1\" style=\"--awb-font-size:14px;\"><h6 class=\"p1\"><b>LIEFERUNG UND R\u00dcCKGABE<\/b><\/h6>\n<p class=\"p1\">Die <span lang=\"lt-LT\">Produktion und V<\/span>orbereitung <span lang=\"lt-LT\">der <\/span><span lang=\"de-DE\">K<\/span><span lang=\"lt-LT\">arte<\/span> dauert 2-5 Werktage. <span lang=\"lt-LT\">Individuelle Bestell<\/span>ung dauer<span lang=\"lt-LT\">t<\/span> 2-4 Wochen.<\/p>\n<h6><strong>VERSANDKOSTEN &amp; LIEFERZEIT<\/strong><\/h6>\n<\/div>\n<div class=\"table-1\">\n<table width=\"100%\">\n<thead>\n<tr>\n<th align=\"left\"><strong>REGION<\/strong><\/th>\n<th align=\"left\"><strong>PREIS<\/strong><\/th>\n<th align=\"left\"><strong>LIEFERZEIT<\/strong><\/th>\n<\/tr>\n<\/thead>\n<tbody>\n<tr>\n<td align=\"left\"><\/td>\n<td align=\"left\"><\/td>\n<td align=\"left\"><\/td>\n<\/tr>\n<tr>\n<td align=\"left\">EU L\u00e4nder<\/td>\n<td align=\"left\">\u20ac 32<\/td>\n<td align=\"left\">4-5 Werktage<\/td>\n<\/tr>\n<tr>\n<td align=\"left\"><\/td>\n<td align=\"left\"><\/td>\n<td align=\"left\"><\/td>\n<\/tr>\n<tr>\n<td align=\"left\">Nicht-EU-L\u00e4nder<\/td>\n<td align=\"left\">\u20ac 65<\/td>\n<td align=\"left\">5 Werktage<\/td>\n<\/tr>\n<tr>\n<td align=\"left\"><\/td>\n<td align=\"left\"><\/td>\n<td align=\"left\"><\/td>\n<\/tr>\n<tr>\n<td align=\"left\">USA, Kanada<\/td>\n<td align=\"left\">\u20ac 65<\/td>\n<td align=\"left\">5-6 Werktage<\/td>\n<\/tr>\n<tr>\n<td align=\"left\"><\/td>\n<td align=\"left\"><\/td>\n<td align=\"left\"><\/td>\n<\/tr>\n<tr>\n<td align=\"left\">WELTWEIT<\/td>\n<td align=\"left\">\u20ac 85<\/td>\n<td align=\"left\">5-7 Werktage<\/td>\n<\/tr>\n<tr>\n<td align=\"left\"><\/td>\n<td align=\"left\"><\/td>\n<td align=\"left\"><\/td>\n<\/tr>\n<\/tbody>\n<\/table>\n<\/div>\n<div class=\"fusion-text fusion-text-2\" style=\"--awb-font-size:14px;\"><h6><strong>ZOLL &amp; STEUERN<\/strong><\/h6>\n<p>Z\u00d6LLE UND STEUERN INNERHALB DER EU<\/p>\n<p>F\u00fcr alle Waren, die innerhalb der Europ\u00e4ischen Union verschickt werden, sind keine zus\u00e4tzlichen Steuern oder Z\u00f6lle f\u00e4llig.<\/p>\n<p>Z\u00d6LLE UND STEUERN F\u00dcR NICHT EU-MITGLIEDSSTAATEN<\/p>\n<p>Steuern und <span lang=\"de-DE\">Z\u00f6lle<\/span> sind nicht im Versandpreis or Produkt enthalten. Wenn die Karte au\u00dferhalb der EU versendet wird, m\u00fcssen Sie m\u00f6glicherweise Z\u00f6lle und <span lang=\"de-DE\">zus\u00e4tzliche Steuern<\/span> zahlen, wenn die Sendung in Ihrem Land ankommt. Diese Kosten tr\u00e4gt der K\u00e4ufer und <span lang=\"de-DE\">s<\/span>ie <span lang=\"de-DE\">werden<\/span> <span lang=\"de-DE\">bei der <\/span>benannte<span lang=\"de-DE\">n<\/span> Zollstelle <span lang=\"de-DE\">bezahlt<\/span>.<\/p>\n<p>Wenn Sie sich nicht sicher sind oder die vorl\u00e4ufigen Preise Ihres Landes nicht kennen, empfehlen wir Ihnen, sich vor der Bestellung an Ihr \u00f6rtliches Zollamt (oder unser Team: <a href=\"mailto:info@mapitstudio.com\">info@mapitstudio.com<\/a>) zu wenden, um die Preise f\u00fcr in der EU gekaufte Waren zu \u00fcberpr\u00fcfen.<\/p>\n<h2><\/h2>\n<h6><strong>ENDUNGSVERFOLGUNG<\/strong><\/h6>\n<p><span lang=\"de-DE\">A<\/span>m Tag des Versands erhalten <span lang=\"de-DE\">Sie<\/span> eine E-Mail mit einer Sendungsverfolgungsnummer und eine<span lang=\"de-DE\">m Weblink:<\/span> Sie k\u00f6nnen <span lang=\"de-DE\">dann<\/span> Ihre Bestellung verfolgen.<\/p>\n<h2><\/h2>\n<h6><strong>R\u00dcCKGABE UND AUSTAUSCH<\/strong><\/h6>\n<p>Wenn Sie Ihre Entscheidung ge\u00e4ndert haben oder mit der bestellten Karte nicht zufrieden sind, k\u00f6nnen Sie diese innerhalb von 14 Tagen zur\u00fcckgeben. Die Karte muss intakt, unbenutzt und verpackt sein, so wie sie geliefert wurde.<\/p>\n<ul>\n<li>Wenn Sie die Karte zur\u00fcckgeben oder <span lang=\"de-DE\">tausche<\/span>n m\u00f6chten, teilen Sie uns dies bitte per E-Mail info@mapitstudio.com <span lang=\"de-DE\">mit.<\/span><\/li>\n<li>Wir erstellen und senden Ihnen ein UPS-<span lang=\"de-DE\">R\u00fccksendungsticket<\/span>. Sie m\u00fcssen lediglich das R\u00fccksendeetikett an der Box anbringen und sich an Ihr lokales UPS-B\u00fcro wenden.<\/li>\n<li>Die Karte darf nur <span lang=\"de-DE\">\u00fcb<\/span>er <span lang=\"de-DE\">den<\/span> UPS-<span lang=\"de-DE\">Paketdienst<\/span> zur\u00fcckgesandt werden.<\/li>\n<li>Wenn Sie die Karte zur\u00fccksenden, sollten Sie sicherstellen, dass sie so sicher verpackt ist, wie Sie sie erhalten haben. Sie sind f\u00fcr den Versand verantwortlich, bis er an uns zur\u00fcckgesandt wird.<\/li>\n<li>Nach Erhalt Ihrer zur\u00fcckgesandten Sendung senden wir eine Best\u00e4tigungs-E-Mail an die von Ihnen angegebene E-Mail-Adresse. Wir werden Ihr Geld innerhalb von 1-3 Werktagen zur\u00fcckerstatten.<\/li>\n<li>Die Kosten f\u00fcr die R\u00fccksendung der Sendung tr\u00e4gt der Kunde. Wenn die Sendung aus einem Nicht-EU-Land zur\u00fcckgesandt wird, zahlt der Kunde auch die Zollgeb\u00fchr (22 EUR). Die R\u00fcckerstattungskosten werden durch den erstatteten Betrag gedeckt.<\/li>\n<li>Einzelbestellungen sind nicht umtauschbar und nicht erstattbar.<\/li>\n<li>Im Zweifelsfall wenden Sie sich an unser Team und wir helfen Ihnen bei diesem Prozess.<\/li>\n<\/ul>\n<\/div><\/div><\/div><\/div><\/div>\n","protected":false},"excerpt":{"rendered":"","protected":false},"author":1,"featured_media":0,"parent":0,"menu_order":0,"comment_status":"closed","ping_status":"closed","template":"","meta":{"_acf_changed":false,"footnotes":""},"class_list":["post-20761","page","type-page","status-publish","hentry"],"acf":[],"yoast_head":"<!-- This site is optimized with the Yoast SEO plugin v27.4 - https:\/\/yoast.com\/product\/yoast-seo-wordpress\/ -->\n<title>VERSAND &amp; R\u00dcCKGABE - Mapitstudio<\/title>\n<meta name=\"description\" content=\"Die Produktion und Vorbereitung der Karte dauert 2-5 Werktage. Individuelle Bestellung dauert 2-5 Wochen. Lieferpreise und-zeiten.\" \/>\n<meta name=\"robots\" content=\"index, follow, max-snippet:-1, max-image-preview:large, max-video-preview:-1\" \/>\n<link rel=\"canonical\" href=\"https:\/\/www.mapitstudio.com\/de\/versand-rueckgabe\/\" \/>\n<meta property=\"og:locale\" content=\"de_DE\" \/>\n<meta property=\"og:type\" content=\"article\" \/>\n<meta property=\"og:title\" content=\"VERSAND &amp; R\u00dcCKGABE - Mapitstudio\" \/>\n<meta property=\"og:description\" content=\"Die Produktion und Vorbereitung der Karte dauert 2-5 Werktage. Individuelle Bestellung dauert 2-5 Wochen. Lieferpreise und-zeiten.\" \/>\n<meta property=\"og:url\" content=\"https:\/\/www.mapitstudio.com\/de\/versand-rueckgabe\/\" \/>\n<meta property=\"og:site_name\" content=\"Mapitstudio\" \/>\n<meta property=\"article:modified_time\" content=\"2023-02-27T09:40:56+00:00\" \/>\n<meta property=\"og:image\" content=\"https:\/\/www.mapitstudio.com\/wp-content\/uploads\/2021\/07\/medinis-pasaulio-zemelapis-raudonmedis-mapitstudio.com_.jpg\" \/>\n\t<meta property=\"og:image:width\" content=\"900\" \/>\n\t<meta property=\"og:image:height\" content=\"600\" \/>\n\t<meta property=\"og:image:type\" content=\"image\/jpeg\" \/>\n<meta name=\"twitter:card\" content=\"summary_large_image\" \/>\n<meta name=\"twitter:label1\" content=\"Gesch\u00e4tzte Lesezeit\" \/>\n\t<meta name=\"twitter:data1\" content=\"6\u00a0Minuten\" \/>\n<script type=\"application\/ld+json\" class=\"yoast-schema-graph\">{\"@context\":\"https:\\\/\\\/schema.org\",\"@graph\":[{\"@type\":\"WebPage\",\"@id\":\"https:\\\/\\\/www.mapitstudio.com\\\/de\\\/versand-rueckgabe\\\/\",\"url\":\"https:\\\/\\\/www.mapitstudio.com\\\/de\\\/versand-rueckgabe\\\/\",\"name\":\"VERSAND & R\u00dcCKGABE - Mapitstudio\",\"isPartOf\":{\"@id\":\"https:\\\/\\\/www.mapitstudio.com\\\/de\\\/#website\"},\"datePublished\":\"2021-04-13T12:50:58+00:00\",\"dateModified\":\"2023-02-27T09:40:56+00:00\",\"description\":\"Die Produktion und Vorbereitung der Karte dauert 2-5 Werktage. Individuelle Bestellung dauert 2-5 Wochen. Lieferpreise und-zeiten.\",\"breadcrumb\":{\"@id\":\"https:\\\/\\\/www.mapitstudio.com\\\/de\\\/versand-rueckgabe\\\/#breadcrumb\"},\"inLanguage\":\"de\",\"potentialAction\":[{\"@type\":\"ReadAction\",\"target\":[\"https:\\\/\\\/www.mapitstudio.com\\\/de\\\/versand-rueckgabe\\\/\"]}]},{\"@type\":\"BreadcrumbList\",\"@id\":\"https:\\\/\\\/www.mapitstudio.com\\\/de\\\/versand-rueckgabe\\\/#breadcrumb\",\"itemListElement\":[{\"@type\":\"ListItem\",\"position\":1,\"name\":\"Home\",\"item\":\"https:\\\/\\\/www.mapitstudio.com\\\/de\\\/\"},{\"@type\":\"ListItem\",\"position\":2,\"name\":\"VERSAND &#038; R\u00dcCKGABE\"}]},{\"@type\":\"WebSite\",\"@id\":\"https:\\\/\\\/www.mapitstudio.com\\\/de\\\/#website\",\"url\":\"https:\\\/\\\/www.mapitstudio.com\\\/de\\\/\",\"name\":\"Mapitstudio\",\"description\":\"Mediniai pasaulio \u017eem\u0117lapiai\",\"potentialAction\":[{\"@type\":\"SearchAction\",\"target\":{\"@type\":\"EntryPoint\",\"urlTemplate\":\"https:\\\/\\\/www.mapitstudio.com\\\/de\\\/?s={search_term_string}\"},\"query-input\":{\"@type\":\"PropertyValueSpecification\",\"valueRequired\":true,\"valueName\":\"search_term_string\"}}],\"inLanguage\":\"de\"}]}<\/script>\n<!-- \/ Yoast SEO plugin. -->","yoast_head_json":{"title":"VERSAND & R\u00dcCKGABE - Mapitstudio","description":"Die Produktion und Vorbereitung der Karte dauert 2-5 Werktage. Individuelle Bestellung dauert 2-5 Wochen. Lieferpreise und-zeiten.","robots":{"index":"index","follow":"follow","max-snippet":"max-snippet:-1","max-image-preview":"max-image-preview:large","max-video-preview":"max-video-preview:-1"},"canonical":"https:\/\/www.mapitstudio.com\/de\/versand-rueckgabe\/","og_locale":"de_DE","og_type":"article","og_title":"VERSAND & R\u00dcCKGABE - Mapitstudio","og_description":"Die Produktion und Vorbereitung der Karte dauert 2-5 Werktage. Individuelle Bestellung dauert 2-5 Wochen. Lieferpreise und-zeiten.","og_url":"https:\/\/www.mapitstudio.com\/de\/versand-rueckgabe\/","og_site_name":"Mapitstudio","article_modified_time":"2023-02-27T09:40:56+00:00","og_image":[{"width":900,"height":600,"url":"https:\/\/www.mapitstudio.com\/wp-content\/uploads\/2021\/07\/medinis-pasaulio-zemelapis-raudonmedis-mapitstudio.com_.jpg","type":"image\/jpeg"}],"twitter_card":"summary_large_image","twitter_misc":{"Gesch\u00e4tzte Lesezeit":"6\u00a0Minuten"},"schema":{"@context":"https:\/\/schema.org","@graph":[{"@type":"WebPage","@id":"https:\/\/www.mapitstudio.com\/de\/versand-rueckgabe\/","url":"https:\/\/www.mapitstudio.com\/de\/versand-rueckgabe\/","name":"VERSAND & R\u00dcCKGABE - Mapitstudio","isPartOf":{"@id":"https:\/\/www.mapitstudio.com\/de\/#website"},"datePublished":"2021-04-13T12:50:58+00:00","dateModified":"2023-02-27T09:40:56+00:00","description":"Die Produktion und Vorbereitung der Karte dauert 2-5 Werktage. Individuelle Bestellung dauert 2-5 Wochen. Lieferpreise und-zeiten.","breadcrumb":{"@id":"https:\/\/www.mapitstudio.com\/de\/versand-rueckgabe\/#breadcrumb"},"inLanguage":"de","potentialAction":[{"@type":"ReadAction","target":["https:\/\/www.mapitstudio.com\/de\/versand-rueckgabe\/"]}]},{"@type":"BreadcrumbList","@id":"https:\/\/www.mapitstudio.com\/de\/versand-rueckgabe\/#breadcrumb","itemListElement":[{"@type":"ListItem","position":1,"name":"Home","item":"https:\/\/www.mapitstudio.com\/de\/"},{"@type":"ListItem","position":2,"name":"VERSAND &#038; R\u00dcCKGABE"}]},{"@type":"WebSite","@id":"https:\/\/www.mapitstudio.com\/de\/#website","url":"https:\/\/www.mapitstudio.com\/de\/","name":"Mapitstudio","description":"Mediniai pasaulio \u017eem\u0117lapiai","potentialAction":[{"@type":"SearchAction","target":{"@type":"EntryPoint","urlTemplate":"https:\/\/www.mapitstudio.com\/de\/?s={search_term_string}"},"query-input":{"@type":"PropertyValueSpecification","valueRequired":true,"valueName":"search_term_string"}}],"inLanguage":"de"}]}},"_links":{"self":[{"href":"https:\/\/www.mapitstudio.com\/de\/wp-json\/wp\/v2\/pages\/20761","targetHints":{"allow":["GET"]}}],"collection":[{"href":"https:\/\/www.mapitstudio.com\/de\/wp-json\/wp\/v2\/pages"}],"about":[{"href":"https:\/\/www.mapitstudio.com\/de\/wp-json\/wp\/v2\/types\/page"}],"author":[{"embeddable":true,"href":"https:\/\/www.mapitstudio.com\/de\/wp-json\/wp\/v2\/users\/1"}],"replies":[{"embeddable":true,"href":"https:\/\/www.mapitstudio.com\/de\/wp-json\/wp\/v2\/comments?post=20761"}],"version-history":[{"count":5,"href":"https:\/\/www.mapitstudio.com\/de\/wp-json\/wp\/v2\/pages\/20761\/revisions"}],"predecessor-version":[{"id":25494,"href":"https:\/\/www.mapitstudio.com\/de\/wp-json\/wp\/v2\/pages\/20761\/revisions\/25494"}],"wp:attachment":[{"href":"https:\/\/www.mapitstudio.com\/de\/wp-json\/wp\/v2\/media?parent=20761"}],"curies":[{"name":"wp","href":"https:\/\/api.w.org\/{rel}","templated":true}]}}